{"id":857,"date":"2018-05-27T17:48:58","date_gmt":"2018-05-27T17:48:58","guid":{"rendered":"https:\/\/acedatoa.it\/comodita\/"},"modified":"2026-02-19T19:41:02","modified_gmt":"2026-02-19T18:41:02","slug":"komfort","status":"publish","type":"page","link":"https:\/\/acedatoa.it\/de\/komfort\/","title":{"rendered":"Komfort"},"content":{"rendered":"<p>[et_pb_section fb_built=&#8220;1&#8243; fullwidth=&#8220;on&#8220; _builder_version=&#8220;4.16&#8243; background_color_gradient_direction=&#8220;90deg&#8220; background_color_gradient_start=&#8220;rgba(0,91,143,0)&#8220; background_color_gradient_start_position=&#8220;70%&#8220; background_color_gradient_end=&#8220;#005b8f&#8220; background_color_gradient_end_position=&#8220;70%&#8220; background_blend=&#8220;overlay&#8220; global_colors_info=&#8220;{}&#8220;][et_pb_fullwidth_post_title title=&#8220;off&#8220; meta=&#8220;off&#8220; featured_placement=&#8220;background&#8220; text_color=&#8220;light&#8220; _builder_version=&#8220;4.16&#8243; title_font=&#8220;|700|||||||&#8220; background_color_gradient_direction=&#8220;90deg&#8220; background_color_gradient_start=&#8220;rgba(255,255,255,0)&#8220; background_color_gradient_start_position=&#8220;100%&#8220; background_color_gradient_end=&#8220;#0c71c3&#8243; background_color_gradient_end_position=&#8220;0%&#8220; background_position=&#8220;bottom_center&#8220; background_blend=&#8220;overlay&#8220; text_orientation=&#8220;right&#8220; custom_padding=&#8220;250px||250px|&#8220; title_font_size_tablet=&#8220;&#8220; title_font_size_phone=&#8220;&#8220; title_font_size_last_edited=&#8220;on|desktop&#8220; global_module=&#8220;993&#8243; saved_tabs=&#8220;all&#8220; global_colors_info=&#8220;{}&#8220;][\/et_pb_fullwidth_post_title][\/et_pb_section][et_pb_section fb_built=&#8220;1&#8243; _builder_version=&#8220;4.16&#8243; global_colors_info=&#8220;{}&#8220;][et_pb_row _builder_version=&#8220;4.16&#8243; background_size=&#8220;initial&#8220; background_position=&#8220;top_left&#8220; background_repeat=&#8220;repeat&#8220; global_colors_info=&#8220;{}&#8220;][et_pb_column type=&#8220;4_4&#8243; _builder_version=&#8220;4.16&#8243; custom_padding=&#8220;|||&#8220; global_colors_info=&#8220;{}&#8220; custom_padding__hover=&#8220;|||&#8220;][et_pb_text admin_label=&#8220;Intro&#8220; _builder_version=&#8220;4.16&#8243; header_text_color=&#8220;#005b8f&#8220; header_3_text_color=&#8220;#4ba1d9&#8243; text_orientation=&#8220;center&#8220; saved_tabs=&#8220;all&#8220; global_colors_info=&#8220;{}&#8220;]<\/p>\n<h1>Komfort<\/h1>\n<h3>Mit der ganzen Freiheit, die ein Bed &#038; Breakfast erlaubt, werden Sie Comelico erkunden!<\/h3>\n<p>[\/et_pb_text][\/et_pb_column][\/et_pb_row][et_pb_row column_structure=&#8220;1_3,2_3&#8243; make_equal=&#8220;on&#8220; _builder_version=&#8220;4.16&#8243; global_colors_info=&#8220;{}&#8220;][et_pb_column type=&#8220;1_3&#8243; _builder_version=&#8220;4.16&#8243; custom_padding=&#8220;|||&#8220; global_colors_info=&#8220;{}&#8220; custom_padding__hover=&#8220;|||&#8220;][et_pb_blurb title=&#8220;Gro\u00dfe Verf\u00fcgbarkeit  an Parkpl\u00e4tzen&#8220; icon_placement=&#8220;left&#8220; admin_label=&#8220;parcheggio&#8220; _builder_version=&#8220;4.16&#8243; global_colors_info=&#8220;{}&#8220;][\/et_pb_blurb][et_pb_blurb title=&#8220;Rezeption&#8220; icon_placement=&#8220;left&#8220; admin_label=&#8220;Rezeption&#8220; _builder_version=&#8220;4.27.5&#8243; hover_enabled=&#8220;0&#8243; global_colors_info=&#8220;{}&#8220; sticky_enabled=&#8220;0&#8243;][\/et_pb_blurb][et_pb_blurb title=&#8220;WiFi kostenlos&#8220; icon_placement=&#8220;left&#8220; admin_label=&#8220;Wifi Gratuito&#8220; _builder_version=&#8220;4.16&#8243; use_circle_border=&#8220;on&#8220; global_colors_info=&#8220;{}&#8220;][\/et_pb_blurb][et_pb_blurb title=&#8220;Gro\u00dfer Garten&#8220; icon_placement=&#8220;left&#8220; admin_label=&#8220;Grande giardino&#8220; _builder_version=&#8220;4.16&#8243; global_colors_info=&#8220;{}&#8220;]Verf\u00fcgbar in allen Jahreszeiten, f\u00fcr Kinderspiele und f\u00fcr Entspannungsmomente.<br \/>\n[\/et_pb_blurb][et_pb_blurb title=&#8220;Kinder&#8220; icon_placement=&#8220;left&#8220; admin_label=&#8220;Bambini&#8220; _builder_version=&#8220;4.27.5&#8243; global_colors_info=&#8220;{}&#8220;]Den Familien mit Kleinkindern bieten wir R\u00fccksack f\u00fcr Bergwanderungen.[\/et_pb_blurb][et_pb_blurb title=&#8220;Touristische Informationen&#8220; icon_placement=&#8220;left&#8220; admin_label=&#8220;Informazioni turistiche&#8220; _builder_version=&#8220;4.16&#8243; global_colors_info=&#8220;{}&#8220;]Im Fr\u00fchst\u00fcckssaal sind B\u00fccher und Reisef\u00fchrer \u00fcber die sch\u00f6nsten Pl\u00e4tze in der Gegend.<br \/>\n[\/et_pb_blurb][\/et_pb_column][et_pb_column type=&#8220;2_3&#8243; _builder_version=&#8220;4.16&#8243; custom_padding=&#8220;|||&#8220; global_colors_info=&#8220;{}&#8220; custom_padding__hover=&#8220;|||&#8220;][et_pb_gallery gallery_ids=&#8220;111955,111958,880,883,903,863,884,878,881,865&#8243; posts_number=&#8220;10&#8243; show_title_and_caption=&#8220;off&#8220; show_pagination=&#8220;off&#8220; zoom_icon_color=&#8220;#ffffff&#8220; hover_overlay_color=&#8220;rgba(175,38,36,0.9)&#8220; _builder_version=&#8220;4.27.5&#8243; background_layout=&#8220;dark&#8220; hover_enabled=&#8220;0&#8243; global_colors_info=&#8220;{}&#8220; sticky_enabled=&#8220;0&#8243;][\/et_pb_gallery][\/et_pb_column][\/et_pb_row][\/et_pb_section]<\/p>\n","protected":false},"excerpt":{"rendered":"<p>Komfort Mit der ganzen Freiheit, die ein Bed &#038; Breakfast erlaubt, werden Sie Comelico erkunden! Verf\u00fcgbar in allen Jahreszeiten, f\u00fcr Kinderspiele und f\u00fcr Entspannungsmomente. Den Familien mit Kleinkindern bieten wir R\u00fccksack f\u00fcr Bergwanderungen.Im Fr\u00fchst\u00fcckssaal sind B\u00fccher und Reisef\u00fchrer \u00fcber die sch\u00f6nsten Pl\u00e4tze in der Gegend.<\/p>\n","protected":false},"author":1,"featured_media":859,"parent":0,"menu_order":0,"comment_status":"closed","ping_status":"closed","template":"","meta":{"_et_pb_use_builder":"on","_et_pb_old_content":"","_et_gb_content_width":"","footnotes":""},"class_list":["post-857","page","type-page","status-publish","has-post-thumbnail","hentry"],"_links":{"self":[{"href":"https:\/\/acedatoa.it\/de\/wp-json\/wp\/v2\/pages\/857","targetHints":{"allow":["GET"]}}],"collection":[{"href":"https:\/\/acedatoa.it\/de\/wp-json\/wp\/v2\/pages"}],"about":[{"href":"https:\/\/acedatoa.it\/de\/wp-json\/wp\/v2\/types\/page"}],"author":[{"embeddable":true,"href":"https:\/\/acedatoa.it\/de\/wp-json\/wp\/v2\/users\/1"}],"replies":[{"embeddable":true,"href":"https:\/\/acedatoa.it\/de\/wp-json\/wp\/v2\/comments?post=857"}],"version-history":[{"count":5,"href":"https:\/\/acedatoa.it\/de\/wp-json\/wp\/v2\/pages\/857\/revisions"}],"predecessor-version":[{"id":111976,"href":"https:\/\/acedatoa.it\/de\/wp-json\/wp\/v2\/pages\/857\/revisions\/111976"}],"wp:featuredmedia":[{"embeddable":true,"href":"https:\/\/acedatoa.it\/de\/wp-json\/wp\/v2\/media\/859"}],"wp:attachment":[{"href":"https:\/\/acedatoa.it\/de\/wp-json\/wp\/v2\/media?parent=857"}],"curies":[{"name":"wp","href":"https:\/\/api.w.org\/{rel}","templated":true}]}}