{"id":826,"date":"2018-07-04T14:31:23","date_gmt":"2018-07-04T14:31:23","guid":{"rendered":"https:\/\/acedatoa.it\/breakfast\/"},"modified":"2026-02-17T10:04:15","modified_gmt":"2026-02-17T09:04:15","slug":"breakfast","status":"publish","type":"page","link":"https:\/\/acedatoa.it\/de\/breakfast\/","title":{"rendered":"Breakfast"},"content":{"rendered":"<p>[et_pb_section fb_built=&#8220;1&#8243; fullwidth=&#8220;on&#8220; _builder_version=&#8220;4.16&#8243; background_color_gradient_direction=&#8220;90deg&#8220; background_color_gradient_start=&#8220;rgba(0,91,143,0)&#8220; background_color_gradient_start_position=&#8220;70%&#8220; background_color_gradient_end=&#8220;#005b8f&#8220; background_color_gradient_end_position=&#8220;70%&#8220; background_blend=&#8220;overlay&#8220; global_colors_info=&#8220;{}&#8220;][et_pb_fullwidth_post_title title=&#8220;off&#8220; meta=&#8220;off&#8220; featured_placement=&#8220;background&#8220; text_color=&#8220;light&#8220; _builder_version=&#8220;4.16&#8243; title_font=&#8220;|700|||||||&#8220; background_color_gradient_direction=&#8220;90deg&#8220; background_color_gradient_start=&#8220;rgba(255,255,255,0)&#8220; background_color_gradient_start_position=&#8220;100%&#8220; background_color_gradient_end=&#8220;#0c71c3&#8243; background_color_gradient_end_position=&#8220;0%&#8220; background_position=&#8220;bottom_center&#8220; background_blend=&#8220;overlay&#8220; text_orientation=&#8220;right&#8220; custom_padding=&#8220;250px||250px|&#8220; title_font_size_tablet=&#8220;&#8220; title_font_size_phone=&#8220;&#8220; title_font_size_last_edited=&#8220;on|desktop&#8220; global_module=&#8220;993&#8243; saved_tabs=&#8220;all&#8220; global_colors_info=&#8220;{}&#8220;][\/et_pb_fullwidth_post_title][\/et_pb_section][et_pb_section fb_built=&#8220;1&#8243; _builder_version=&#8220;4.16&#8243; global_colors_info=&#8220;{}&#8220;][et_pb_row _builder_version=&#8220;4.16&#8243; global_colors_info=&#8220;{}&#8220;][et_pb_column type=&#8220;4_4&#8243; _builder_version=&#8220;4.16&#8243; custom_padding=&#8220;|||&#8220; global_colors_info=&#8220;{}&#8220; custom_padding__hover=&#8220;|||&#8220;][et_pb_text admin_label=&#8220;Intro&#8220; _builder_version=&#8220;4.16&#8243; header_text_color=&#8220;#005b8f&#8220; header_3_text_color=&#8220;#4ba1d9&#8243; text_orientation=&#8220;center&#8220; saved_tabs=&#8220;all&#8220; global_colors_info=&#8220;{}&#8220;]<\/p>\n<h1>Breakfast<\/h1>\n<h3>Zum Fr\u00fchst\u00fcck werden Sie den Tag mit der Verkostung von Produkten unserer H\u00f6fe und unserer kleinen lokalen landwirtschaftlichen Betriebe beginnen<\/h3>\n<p>[\/et_pb_text][\/et_pb_column][\/et_pb_row][et_pb_row column_structure=&#8220;1_3,2_3&#8243; make_equal=&#8220;on&#8220; _builder_version=&#8220;4.16&#8243; global_colors_info=&#8220;{}&#8220;][et_pb_column type=&#8220;1_3&#8243; _builder_version=&#8220;4.16&#8243; custom_padding=&#8220;|||&#8220; global_colors_info=&#8220;{}&#8220; custom_padding__hover=&#8220;|||&#8220;][et_pb_text ul_type=&#8220;square&#8220; admin_label=&#8220;Buffet&#8220; _builder_version=&#8220;4.16&#8243; header_text_color=&#8220;#005b8f&#8220; header_3_text_color=&#8220;#4ba1d9&#8243; saved_tabs=&#8220;all&#8220; global_colors_info=&#8220;{}&#8220;]<\/p>\n<ul>\n<li>S\u00fc\u00dfes B\u00fcfett<\/li>\n<li>Salziges B\u00fcfett <\/li>\n<li>Kaffee, Cappuccino, frische Milk<\/li>\n<li>Saft<\/li>\n<li>Hausgemachte  Torten<\/li>\n<\/ul>\n<p>[\/et_pb_text][\/et_pb_column][et_pb_column type=&#8220;2_3&#8243; _builder_version=&#8220;4.16&#8243; custom_padding=&#8220;|||&#8220; global_colors_info=&#8220;{}&#8220; custom_padding__hover=&#8220;|||&#8220;][et_pb_gallery gallery_ids=&#8220;111906,111909,668,669,667,673&#8243; posts_number=&#8220;6&#8243; show_title_and_caption=&#8220;off&#8220; show_pagination=&#8220;off&#8220; zoom_icon_color=&#8220;#ffffff&#8220; hover_overlay_color=&#8220;rgba(175,38,36,0.9)&#8220; _builder_version=&#8220;4.27.5&#8243; background_layout=&#8220;dark&#8220; global_colors_info=&#8220;{}&#8220;][\/et_pb_gallery][\/et_pb_column][\/et_pb_row][\/et_pb_section]<\/p>\n","protected":false},"excerpt":{"rendered":"<p>Breakfast Zum Fr\u00fchst\u00fcck werden Sie den Tag mit der Verkostung von Produkten unserer H\u00f6fe und unserer kleinen lokalen landwirtschaftlichen Betriebe beginnen S\u00fc\u00dfes B\u00fcfett Salziges B\u00fcfett Kaffee, Cappuccino, frische Milk Saft Hausgemachte Torten<\/p>\n","protected":false},"author":1,"featured_media":827,"parent":0,"menu_order":0,"comment_status":"closed","ping_status":"closed","template":"","meta":{"_et_pb_use_builder":"on","_et_pb_old_content":"","_et_gb_content_width":"","footnotes":""},"class_list":["post-826","page","type-page","status-publish","has-post-thumbnail","hentry"],"_links":{"self":[{"href":"https:\/\/acedatoa.it\/de\/wp-json\/wp\/v2\/pages\/826","targetHints":{"allow":["GET"]}}],"collection":[{"href":"https:\/\/acedatoa.it\/de\/wp-json\/wp\/v2\/pages"}],"about":[{"href":"https:\/\/acedatoa.it\/de\/wp-json\/wp\/v2\/types\/page"}],"author":[{"embeddable":true,"href":"https:\/\/acedatoa.it\/de\/wp-json\/wp\/v2\/users\/1"}],"replies":[{"embeddable":true,"href":"https:\/\/acedatoa.it\/de\/wp-json\/wp\/v2\/comments?post=826"}],"version-history":[{"count":6,"href":"https:\/\/acedatoa.it\/de\/wp-json\/wp\/v2\/pages\/826\/revisions"}],"predecessor-version":[{"id":111923,"href":"https:\/\/acedatoa.it\/de\/wp-json\/wp\/v2\/pages\/826\/revisions\/111923"}],"wp:featuredmedia":[{"embeddable":true,"href":"https:\/\/acedatoa.it\/de\/wp-json\/wp\/v2\/media\/827"}],"wp:attachment":[{"href":"https:\/\/acedatoa.it\/de\/wp-json\/wp\/v2\/media?parent=826"}],"curies":[{"name":"wp","href":"https:\/\/api.w.org\/{rel}","templated":true}]}}