{"id":814,"date":"2018-06-24T18:29:29","date_gmt":"2018-06-24T18:29:29","guid":{"rendered":"https:\/\/acedatoa.it\/bb-a-ceda-toa-bed-and-breakfast\/"},"modified":"2023-09-11T17:06:45","modified_gmt":"2023-09-11T17:06:45","slug":"bb-a-ceda-toa-bed-and-breakfast","status":"publish","type":"page","link":"https:\/\/acedatoa.it\/de\/","title":{"rendered":"B&#038;B A ceda toa Bed and breakfast"},"content":{"rendered":"<p>[et_pb_section fb_built=&#8220;1&#8243; fullwidth=&#8220;on&#8220; disabled_on=&#8220;on|on|&#8220; admin_label=&#8220;intestazione desktop&#8220; _builder_version=&#8220;4.20.2&#8243; use_background_color_gradient=&#8220;on&#8220; background_color_gradient_direction=&#8220;90deg&#8220; background_color_gradient_stops=&#8220;#005b8f 50%|#ffffff 50%&#8220; background_color_gradient_start=&#8220;#005b8f&#8220; background_color_gradient_start_position=&#8220;50%&#8220; background_color_gradient_end=&#8220;#ffffff&#8220; background_color_gradient_end_position=&#8220;50%&#8220; background_image=&#8220;https:\/\/acedatoa.it\/wp-content\/uploads\/2018\/06\/acedatoa_logo1100.png&#8220; background_size=&#8220;contain&#8220; background_position=&#8220;center_right&#8220; link_option_url=&#8220;#scopri&#8220; global_colors_info=&#8220;{}&#8220;][et_pb_fullwidth_header title=&#8220;B&#038;B a ceda toa&#8220; subhead=&#8220;\u201cwie zuhause\u201d in Comelico&#8220; header_fullscreen=&#8220;on&#8220; button_one_text=&#8220;Entecken Sie das B&#038;B&#8220; button_one_url=&#8220;#scopri&#8220; button_two_text=&#8220;Reservieren Sie jetzt&#8220; button_two_url=&#8220;https:\/\/acedatoa.it\/de\/kontaktieren-sie-uns\/&#8220; admin_label=&#8220;Intestazione a Larghezza Piena desktop&#8220; _builder_version=&#8220;4.16&#8243; title_font=&#8220;|700|||||||&#8220; title_font_size=&#8220;48px&#8220; content_font=&#8220;|600|on||||||&#8220; content_font_size=&#8220;24px&#8220; subhead_font=&#8220;Coming Soon||on||||||&#8220; subhead_font_size=&#8220;28px&#8220; subhead_line_height=&#8220;2em&#8220; background_color=&#8220;rgba(255,255,255,0)&#8220; background_color_gradient_direction=&#8220;90deg&#8220; background_color_gradient_start=&#8220;#4ba1d9&#8243; background_color_gradient_start_position=&#8220;10%&#8220; background_color_gradient_end=&#8220;#ffffff&#8220; background_color_gradient_end_position=&#8220;70%&#8220; background_size=&#8220;contain&#8220; background_position=&#8220;center_right&#8220; custom_button_one=&#8220;on&#8220; button_one_bg_color=&#8220;#4ba1d9&#8243; button_one_icon=&#8220;&#x22;||divi||400&#8243; button_one_on_hover=&#8220;off&#8220; max_width=&#8220;50%&#8220; max_width_tablet=&#8220;100%&#8220; max_width_phone=&#8220;&#8220; max_width_last_edited=&#8220;on|desktop&#8220; custom_padding_tablet=&#8220;&#8220; custom_padding_phone=&#8220;&#8220; custom_padding_last_edited=&#8220;on|desktop&#8220; title_font_size_tablet=&#8220;30px&#8220; title_font_size_phone=&#8220;&#8220; title_font_size_last_edited=&#8220;on|desktop&#8220; content_font_size_tablet=&#8220;&#8220; content_font_size_phone=&#8220;&#8220; content_font_size_last_edited=&#8220;on|desktop&#8220; button_one_bg_color_hover=&#8220;#87c2eb&#8220; global_colors_info=&#8220;{}&#8220; button_one_text_size__hover_enabled=&#8220;off&#8220; button_two_text_size__hover_enabled=&#8220;off&#8220; button_one_text_color__hover_enabled=&#8220;off&#8220; button_two_text_color__hover_enabled=&#8220;off&#8220; button_one_border_width__hover_enabled=&#8220;off&#8220; button_two_border_width__hover_enabled=&#8220;off&#8220; button_one_border_color__hover_enabled=&#8220;off&#8220; button_two_border_color__hover_enabled=&#8220;off&#8220; button_one_border_radius__hover_enabled=&#8220;off&#8220; button_two_border_radius__hover_enabled=&#8220;off&#8220; button_one_letter_spacing__hover_enabled=&#8220;off&#8220; button_two_letter_spacing__hover_enabled=&#8220;off&#8220; button_one_bg_color__hover_enabled=&#8220;on&#8220; button_one_bg_color__hover=&#8220;#87c2eb&#8220; button_two_bg_color__hover_enabled=&#8220;off&#8220;][\/et_pb_fullwidth_header][\/et_pb_section][et_pb_section fb_built=&#8220;1&#8243; fullwidth=&#8220;on&#8220; disabled_on=&#8220;off|off|on&#8220; admin_label=&#8220;intestazione mobile&#8220; _builder_version=&#8220;4.22.0&#8243; background_color=&#8220;rgba(255,255,255,0.9)&#8220; background_color_gradient_direction=&#8220;1deg&#8220; background_color_gradient_start=&#8220;#ffffff&#8220; background_color_gradient_start_position=&#8220;50%&#8220; background_color_gradient_end=&#8220;#4ba1d9&#8243; background_color_gradient_end_position=&#8220;50%&#8220; background_size=&#8220;contain&#8220; background_position=&#8220;center_right&#8220; link_option_url=&#8220;#scopri&#8220; hover_enabled=&#8220;0&#8243; global_colors_info=&#8220;{}&#8220; sticky_enabled=&#8220;0&#8243;][et_pb_fullwidth_header text_orientation=&#8220;center&#8220; button_one_text=&#8220;Entecken Sie das B&#038;B&#8220; button_one_url=&#8220;#scopri&#8220; button_two_text=&#8220;Reservieren Sie jetzt&#8220; button_two_url=&#8220;https:\/\/acedatoa.it\/de\/kontaktieren-sie-uns\/&#8220; logo_image_url=&#8220;https:\/\/acedatoa.it\/wp-content\/uploads\/2018\/06\/acedatoa_logo1100.png&#8220; image_orientation=&#8220;bottom&#8220; disabled_on=&#8220;||off&#8220; admin_label=&#8220;Intestazione a Larghezza Piena mobile&#8220; _builder_version=&#8220;4.22.0&#8243; title_font=&#8220;|700|||||||&#8220; title_text_color=&#8220;#ffffff&#8220; title_font_size=&#8220;40px&#8220; content_font=&#8220;|600|on||||||&#8220; content_font_size=&#8220;20px&#8220; subhead_font=&#8220;Coming Soon||on||||||&#8220; subhead_text_color=&#8220;#005b8f&#8220; subhead_font_size=&#8220;24px&#8220; subhead_line_height=&#8220;2em&#8220; background_color=&#8220;rgba(175,38,36,0)&#8220; background_color_gradient_direction=&#8220;90deg&#8220; background_color_gradient_start=&#8220;#4ba1d9&#8243; background_color_gradient_start_position=&#8220;10%&#8220; background_color_gradient_end=&#8220;#ffffff&#8220; background_color_gradient_end_position=&#8220;70%&#8220; background_size=&#8220;contain&#8220; background_position=&#8220;center_right&#8220; custom_button_one=&#8220;on&#8220; button_one_bg_color=&#8220;#4ba1d9&#8243; button_one_icon=&#8220;&#x22;||divi||400&#8243; button_one_on_hover=&#8220;off&#8220; max_width=&#8220;60%&#8220; max_width_tablet=&#8220;100%&#8220; max_width_phone=&#8220;&#8220; max_width_last_edited=&#8220;on|desktop&#8220; custom_padding_tablet=&#8220;&#8220; custom_padding_phone=&#8220;&#8220; custom_padding_last_edited=&#8220;on|desktop&#8220; hover_enabled=&#8220;0&#8243; title_font_size_tablet=&#8220;30px&#8220; title_font_size_phone=&#8220;&#8220; title_font_size_last_edited=&#8220;on|phone&#8220; content_font_size_tablet=&#8220;&#8220; content_font_size_phone=&#8220;&#8220; content_font_size_last_edited=&#8220;on|desktop&#8220; button_one_bg_color_hover=&#8220;#87c2eb&#8220; global_colors_info=&#8220;{}&#8220; button_one_text_size__hover_enabled=&#8220;off&#8220; button_two_text_size__hover_enabled=&#8220;off&#8220; button_one_text_color__hover_enabled=&#8220;off&#8220; button_two_text_color__hover_enabled=&#8220;off&#8220; button_one_border_width__hover_enabled=&#8220;off&#8220; button_two_border_width__hover_enabled=&#8220;off&#8220; button_one_border_color__hover_enabled=&#8220;off&#8220; button_two_border_color__hover_enabled=&#8220;off&#8220; button_one_border_radius__hover_enabled=&#8220;off&#8220; button_two_border_radius__hover_enabled=&#8220;off&#8220; button_one_letter_spacing__hover_enabled=&#8220;off&#8220; button_two_letter_spacing__hover_enabled=&#8220;off&#8220; button_one_bg_color__hover_enabled=&#8220;on&#8220; button_one_bg_color__hover=&#8220;#87c2eb&#8220; button_two_bg_color__hover_enabled=&#8220;off&#8220; background_layout=&#8220;light&#8220; sticky_enabled=&#8220;0&#8243;]<\/p>\n<p>\u201cwie zuhause\u201d in Comelico<\/p>\n<p>[\/et_pb_fullwidth_header][\/et_pb_section][et_pb_section fb_built=&#8220;1&#8243; disabled_on=&#8220;off|off|off&#8220; module_id=&#8220;scopri&#8220; _builder_version=&#8220;4.16&#8243; background_color=&#8220;#ffffff&#8220; global_colors_info=&#8220;{}&#8220;][et_pb_row column_structure=&#8220;1_2,1_2&#8243; make_equal=&#8220;on&#8220; module_class=&#8220; et_pb_row_fullwidth&#8220; _builder_version=&#8220;4.16&#8243; width=&#8220;89%&#8220; width_tablet=&#8220;80%&#8220; width_phone=&#8220;80%&#8220; width_last_edited=&#8220;on|desktop&#8220; max_width=&#8220;89%&#8220; max_width_tablet=&#8220;80%&#8220; max_width_phone=&#8220;80%&#8220; max_width_last_edited=&#8220;on|desktop&#8220; make_fullwidth=&#8220;on&#8220; global_colors_info=&#8220;{}&#8220;][et_pb_column type=&#8220;1_2&#8243; _builder_version=&#8220;4.16&#8243; custom_padding=&#8220;||50px|&#8220; global_colors_info=&#8220;{}&#8220; custom_padding__hover=&#8220;|||&#8220;][et_pb_text _builder_version=&#8220;4.16&#8243; header_font=&#8220;|600|||||||&#8220; header_text_color=&#8220;#4ba1d9&#8243; header_2_font=&#8220;|700|||||||&#8220; header_2_text_color=&#8220;#005b8f&#8220; header_2_font_size=&#8220;40px&#8220; header_3_font=&#8220;|300|||||||&#8220; header_4_text_color=&#8220;#005b8f&#8220; header_4_font_size=&#8220;22px&#8220; header_4_line_height=&#8220;1.2em&#8220; text_orientation=&#8220;center&#8220; max_width=&#8220;80%&#8220; max_width_tablet=&#8220;&#8220; max_width_phone=&#8220;100%&#8220; max_width_last_edited=&#8220;on|phone&#8220; module_alignment=&#8220;center&#8220; global_colors_info=&#8220;{}&#8220;]<\/p>\n<h1>Bed and Breakfast<\/h1>\n<h2>A ceda toa<\/h2>\n<h3>In der ladinischen Sprache von Comelico \u201ca ceda toa\u201d bedeutet \u201czuhause\u201d<\/h3>\n<p>[\/et_pb_text][et_pb_text admin_label=&#8220;Caldo, curato &#8230;&#8220; _builder_version=&#8220;4.16&#8243; header_font=&#8220;|600|||||||&#8220; header_2_font=&#8220;|700|||||||&#8220; header_2_text_color=&#8220;#005b8f&#8220; header_2_font_size=&#8220;30px&#8220; header_3_font=&#8220;|300|||||||&#8220; header_4_text_color=&#8220;#005b8f&#8220; header_4_font_size=&#8220;22px&#8220; header_4_line_height=&#8220;1.2em&#8220; text_orientation=&#8220;center&#8220; max_width=&#8220;80%&#8220; max_width_tablet=&#8220;&#8220; max_width_phone=&#8220;100%&#8220; max_width_last_edited=&#8220;on|desktop&#8220; module_alignment=&#8220;center&#8220; global_colors_info=&#8220;{}&#8220;]Warm, gepflegt bis in Kleinste und mit Geruch nach Holz: ich habe immer von einem B&#038;B getr\u00e4umt, wo ich Sie wie Freunde willkommen k\u00f6nnte und wo Sie sich wie &#8222;zuhause&#8220; f\u00fchlen k\u00f6nnten.  <\/p>\n<p>Von hier aus k\u00f6nnen Sie unsere Region, die sch\u00f6nsten Wanderungen, die typischen Delikatessen, die merkw\u00fcrdigen Traditionen und, wenn Sie m\u00f6chten, auch das Alltagsleben direkt kennenlernen.<br \/>\n[\/et_pb_text][et_pb_blurb url=&#8220;#colazione&#8220; use_icon=&#8220;on&#8220; font_icon=&#8220;&#x43;||divi||400&#8243; icon_color=&#8220;#af2624&#8243; image_icon_width=&#8220;50px&#8220; _builder_version=&#8220;4.16&#8243; icon_font_size=&#8220;50px&#8220; global_colors_info=&#8220;{}&#8220;][\/et_pb_blurb][\/et_pb_column][et_pb_column type=&#8220;1_2&#8243; _builder_version=&#8220;4.16&#8243; background_image=&#8220;https:\/\/acedatoa.it\/wp-content\/uploads\/2018\/07\/DSC_0377-e1531482896828.jpg&#8220; custom_padding=&#8220;|||&#8220; global_colors_info=&#8220;{}&#8220; custom_padding__hover=&#8220;|||&#8220;][et_pb_cta button_url=&#8220;https:\/\/acedatoa.it\/de\/wo-wir-sind\/&#8220; button_text=&#8220;Wo wir sind&#8220; disabled_on=&#8220;||on&#8220; _builder_version=&#8220;4.16&#8243; background_color=&#8220;rgba(255,255,255,0)&#8220; custom_padding=&#8220;||150px|&#8220; global_colors_info=&#8220;{}&#8220; button_text_size__hover_enabled=&#8220;off&#8220; button_one_text_size__hover_enabled=&#8220;off&#8220; button_two_text_size__hover_enabled=&#8220;off&#8220; button_text_color__hover_enabled=&#8220;off&#8220; button_one_text_color__hover_enabled=&#8220;off&#8220; button_two_text_color__hover_enabled=&#8220;off&#8220; button_border_width__hover_enabled=&#8220;off&#8220; button_one_border_width__hover_enabled=&#8220;off&#8220; button_two_border_width__hover_enabled=&#8220;off&#8220; button_border_color__hover_enabled=&#8220;off&#8220; button_one_border_color__hover_enabled=&#8220;off&#8220; button_two_border_color__hover_enabled=&#8220;off&#8220; button_border_radius__hover_enabled=&#8220;off&#8220; button_one_border_radius__hover_enabled=&#8220;off&#8220; button_two_border_radius__hover_enabled=&#8220;off&#8220; button_letter_spacing__hover_enabled=&#8220;off&#8220; button_one_letter_spacing__hover_enabled=&#8220;off&#8220; button_two_letter_spacing__hover_enabled=&#8220;off&#8220; button_bg_color__hover_enabled=&#8220;off&#8220; button_one_bg_color__hover_enabled=&#8220;off&#8220; button_two_bg_color__hover_enabled=&#8220;off&#8220;][\/et_pb_cta][\/et_pb_column][\/et_pb_row][et_pb_row column_structure=&#8220;1_2,1_2&#8243; module_class=&#8220; et_pb_row_fullwidth&#8220; _builder_version=&#8220;4.16&#8243; width=&#8220;89%&#8220; width_tablet=&#8220;80%&#8220; width_phone=&#8220;80%&#8220; width_last_edited=&#8220;on|desktop&#8220; max_width=&#8220;89%&#8220; max_width_tablet=&#8220;80%&#8220; max_width_phone=&#8220;80%&#8220; max_width_last_edited=&#8220;on|desktop&#8220; make_fullwidth=&#8220;on&#8220; global_colors_info=&#8220;{}&#8220;][et_pb_column type=&#8220;1_2&#8243; _builder_version=&#8220;4.16&#8243; custom_padding=&#8220;|||&#8220; global_colors_info=&#8220;{}&#8220; custom_padding__hover=&#8220;|||&#8220;][et_pb_cta button_url=&#8220;https:\/\/acedatoa.it\/de\/bed\/&#8220; button_text=&#8220;bed&#8220; admin_label=&#8220;Call-To-Action bed&#8220; _builder_version=&#8220;4.16&#8243; background_color=&#8220;rgba(255,255,255,0)&#8220; background_image=&#8220;https:\/\/acedatoa.it\/wp-content\/uploads\/2018\/07\/IMG_20180627_151026.jpg&#8220; custom_padding=&#8220;||150px|&#8220; global_colors_info=&#8220;{}&#8220; button_text_size__hover_enabled=&#8220;off&#8220; button_one_text_size__hover_enabled=&#8220;off&#8220; button_two_text_size__hover_enabled=&#8220;off&#8220; button_text_color__hover_enabled=&#8220;off&#8220; button_one_text_color__hover_enabled=&#8220;off&#8220; button_two_text_color__hover_enabled=&#8220;off&#8220; button_border_width__hover_enabled=&#8220;off&#8220; button_one_border_width__hover_enabled=&#8220;off&#8220; button_two_border_width__hover_enabled=&#8220;off&#8220; button_border_color__hover_enabled=&#8220;off&#8220; button_one_border_color__hover_enabled=&#8220;off&#8220; button_two_border_color__hover_enabled=&#8220;off&#8220; button_border_radius__hover_enabled=&#8220;off&#8220; button_one_border_radius__hover_enabled=&#8220;off&#8220; button_two_border_radius__hover_enabled=&#8220;off&#8220; button_letter_spacing__hover_enabled=&#8220;off&#8220; button_one_letter_spacing__hover_enabled=&#8220;off&#8220; button_two_letter_spacing__hover_enabled=&#8220;off&#8220; button_bg_color__hover_enabled=&#8220;off&#8220; button_one_bg_color__hover_enabled=&#8220;off&#8220; button_two_bg_color__hover_enabled=&#8220;off&#8220;][\/et_pb_cta][\/et_pb_column][et_pb_column type=&#8220;1_2&#8243; _builder_version=&#8220;4.16&#8243; custom_padding=&#8220;|||&#8220; global_colors_info=&#8220;{}&#8220; custom_padding__hover=&#8220;|||&#8220;][et_pb_cta button_url=&#8220;https:\/\/acedatoa.it\/de\/breakfast\/&#8220; button_text=&#8220;breakfast&#8220; admin_label=&#8220;Call-To-Action breakfast&#8220; _builder_version=&#8220;4.16&#8243; background_color=&#8220;rgba(255,255,255,0)&#8220; background_image=&#8220;https:\/\/acedatoa.it\/wp-content\/uploads\/2018\/07\/DSC_0333-1.jpg&#8220; custom_padding=&#8220;||150px|&#8220; global_colors_info=&#8220;{}&#8220; button_text_size__hover_enabled=&#8220;off&#8220; button_one_text_size__hover_enabled=&#8220;off&#8220; button_two_text_size__hover_enabled=&#8220;off&#8220; button_text_color__hover_enabled=&#8220;off&#8220; button_one_text_color__hover_enabled=&#8220;off&#8220; button_two_text_color__hover_enabled=&#8220;off&#8220; button_border_width__hover_enabled=&#8220;off&#8220; button_one_border_width__hover_enabled=&#8220;off&#8220; button_two_border_width__hover_enabled=&#8220;off&#8220; button_border_color__hover_enabled=&#8220;off&#8220; button_one_border_color__hover_enabled=&#8220;off&#8220; button_two_border_color__hover_enabled=&#8220;off&#8220; button_border_radius__hover_enabled=&#8220;off&#8220; button_one_border_radius__hover_enabled=&#8220;off&#8220; button_two_border_radius__hover_enabled=&#8220;off&#8220; button_letter_spacing__hover_enabled=&#8220;off&#8220; button_one_letter_spacing__hover_enabled=&#8220;off&#8220; button_two_letter_spacing__hover_enabled=&#8220;off&#8220; button_bg_color__hover_enabled=&#8220;off&#8220; button_one_bg_color__hover_enabled=&#8220;off&#8220; button_two_bg_color__hover_enabled=&#8220;off&#8220;][\/et_pb_cta][\/et_pb_column][\/et_pb_row][et_pb_row make_equal=&#8220;on&#8220; module_class=&#8220; et_pb_row_fullwidth&#8220; _builder_version=&#8220;4.16&#8243; width=&#8220;89%&#8220; width_tablet=&#8220;80%&#8220; width_phone=&#8220;80%&#8220; width_last_edited=&#8220;on|desktop&#8220; max_width=&#8220;89%&#8220; max_width_tablet=&#8220;80%&#8220; max_width_phone=&#8220;80%&#8220; max_width_last_edited=&#8220;on|desktop&#8220; make_fullwidth=&#8220;on&#8220; global_colors_info=&#8220;{}&#8220;][et_pb_column type=&#8220;4_4&#8243; _builder_version=&#8220;4.16&#8243; custom_padding=&#8220;|||&#8220; global_colors_info=&#8220;{}&#8220; custom_padding__hover=&#8220;|||&#8220;][et_pb_text admin_label=&#8220;A colazione i prodotti delle nostre fattorie&#8220; module_id=&#8220;colazione&#8220; _builder_version=&#8220;4.16&#8243; header_font=&#8220;|600|||||||&#8220; header_2_font=&#8220;|700|||||||&#8220; header_2_text_color=&#8220;#005b8f&#8220; header_2_font_size=&#8220;30px&#8220; header_3_font=&#8220;|300|||||||&#8220; header_4_text_color=&#8220;#005b8f&#8220; header_4_font_size=&#8220;24px&#8220; header_4_line_height=&#8220;1.2em&#8220; text_orientation=&#8220;center&#8220; max_width=&#8220;55%&#8220; max_width_tablet=&#8220;80%&#8220; max_width_phone=&#8220;100%&#8220; max_width_last_edited=&#8220;on|desktop&#8220; module_alignment=&#8220;center&#8220; custom_margin=&#8220;50px|||&#8220; header_4_font_size_tablet=&#8220;&#8220; header_4_font_size_phone=&#8220;&#8220; header_4_font_size_last_edited=&#8220;on|phone&#8220; global_colors_info=&#8220;{}&#8220;]<\/p>\n<h2>\u201cwie zuhause\u201d in Comelico<\/h2>\n<p>Zum Fr\u00fchst\u00fcck werden Sie den Tag mit der Verkostung von Produkten unserer H\u00f6fe und unserer kleinen lokalen landwirtschaftlichen Betriebe beginnen.<\/p>\n<p>Dann mit der Freiheit, die ein Bed &#038; Breakfast erlaubt, werden Sie Almh\u00fctten, Bergh\u00fctten, Dorffeste, die alten, am Berg h\u00e4ngenden Heuspeicher , die so genannten &#8222;tabi\u00e8,  und vielleicht auch unsere sehr farbenfrohen traditionellen Masken, die so genannten Matazin entdecken.<br \/>\n[\/et_pb_text][et_pb_text admin_label=&#8220;Cos\u00ec il Comelico&#8220; module_id=&#8220;colazione&#8220; _builder_version=&#8220;4.16&#8243; header_font=&#8220;|600|||||||&#8220; header_2_font=&#8220;|700|||||||&#8220; header_2_text_color=&#8220;#005b8f&#8220; header_2_font_size=&#8220;30px&#8220; header_3_font=&#8220;|300|||||||&#8220; header_4_text_color=&#8220;#005b8f&#8220; header_4_font_size=&#8220;24px&#8220; header_4_line_height=&#8220;1.2em&#8220; text_orientation=&#8220;center&#8220; max_width=&#8220;80%&#8220; max_width_tablet=&#8220;&#8220; max_width_phone=&#8220;100%&#8220; max_width_last_edited=&#8220;on|tablet&#8220; module_alignment=&#8220;center&#8220; custom_margin=&#8220;50px|||&#8220; header_4_font_size_tablet=&#8220;&#8220; header_4_font_size_phone=&#8220;&#8220; header_4_font_size_last_edited=&#8220;on|phone&#8220; global_colors_info=&#8220;{}&#8220;]<\/p>\n<h4>So Comelico wird auch ein bisschen Ihr Zuhause, <em>&#8222;ceda&#8220;<\/em>, sein.  <\/h4>\n<p>[\/et_pb_text][et_pb_button button_url=&#8220;https:\/\/acedatoa.it\/de\/kontaktieren-sie-uns\/&#8220; button_text=&#8220;Reservieren Sie jetzt&#8220; button_alignment=&#8220;center&#8220; _builder_version=&#8220;4.16&#8243; background_layout=&#8220;dark&#8220; global_colors_info=&#8220;{}&#8220; button_text_size__hover_enabled=&#8220;off&#8220; button_one_text_size__hover_enabled=&#8220;off&#8220; button_two_text_size__hover_enabled=&#8220;off&#8220; button_text_color__hover_enabled=&#8220;off&#8220; button_one_text_color__hover_enabled=&#8220;off&#8220; button_two_text_color__hover_enabled=&#8220;off&#8220; button_border_width__hover_enabled=&#8220;off&#8220; button_one_border_width__hover_enabled=&#8220;off&#8220; button_two_border_width__hover_enabled=&#8220;off&#8220; button_border_color__hover_enabled=&#8220;off&#8220; button_one_border_color__hover_enabled=&#8220;off&#8220; button_two_border_color__hover_enabled=&#8220;off&#8220; button_border_radius__hover_enabled=&#8220;off&#8220; button_one_border_radius__hover_enabled=&#8220;off&#8220; button_two_border_radius__hover_enabled=&#8220;off&#8220; button_letter_spacing__hover_enabled=&#8220;off&#8220; button_one_letter_spacing__hover_enabled=&#8220;off&#8220; button_two_letter_spacing__hover_enabled=&#8220;off&#8220; button_bg_color__hover_enabled=&#8220;off&#8220; button_one_bg_color__hover_enabled=&#8220;off&#8220; button_two_bg_color__hover_enabled=&#8220;off&#8220;][\/et_pb_button][et_pb_image src=&#8220;https:\/\/acedatoa.it\/wp-content\/uploads\/2018\/06\/decor.png&#8220; align=&#8220;center&#8220; align_tablet=&#8220;center&#8220; align_phone=&#8220;center&#8220; align_last_edited=&#8220;on|desktop&#8220; admin_label=&#8220;a ceda toa semplice separatore&#8220; _builder_version=&#8220;4.16&#8243; max_width=&#8220;50%&#8220; max_width_tablet=&#8220;70%&#8220; max_width_phone=&#8220;100%&#8220; max_width_last_edited=&#8220;on|phone&#8220; saved_tabs=&#8220;all&#8220; global_colors_info=&#8220;{}&#8220;][\/et_pb_image][\/et_pb_column][\/et_pb_row][\/et_pb_section]<\/p>\n","protected":false},"excerpt":{"rendered":"<p>\u201cwie zuhause\u201d in Comelico Bed and Breakfast A ceda toa In der ladinischen Sprache von Comelico \u201ca ceda toa\u201d bedeutet \u201czuhause\u201d Warm, gepflegt bis in Kleinste und mit Geruch nach Holz: ich habe immer von einem B&#038;B getr\u00e4umt, wo ich Sie wie Freunde willkommen k\u00f6nnte und wo Sie sich wie &#8222;zuhause&#8220; f\u00fchlen k\u00f6nnten. Von hier [&hellip;]<\/p>\n","protected":false},"author":1,"featured_media":0,"parent":0,"menu_order":0,"comment_status":"closed","ping_status":"closed","template":"","meta":{"_et_pb_use_builder":"on","_et_pb_old_content":"","_et_gb_content_width":"","footnotes":""},"class_list":["post-814","page","type-page","status-publish","hentry"],"_links":{"self":[{"href":"https:\/\/acedatoa.it\/de\/wp-json\/wp\/v2\/pages\/814","targetHints":{"allow":["GET"]}}],"collection":[{"href":"https:\/\/acedatoa.it\/de\/wp-json\/wp\/v2\/pages"}],"about":[{"href":"https:\/\/acedatoa.it\/de\/wp-json\/wp\/v2\/types\/page"}],"author":[{"embeddable":true,"href":"https:\/\/acedatoa.it\/de\/wp-json\/wp\/v2\/users\/1"}],"replies":[{"embeddable":true,"href":"https:\/\/acedatoa.it\/de\/wp-json\/wp\/v2\/comments?post=814"}],"version-history":[{"count":12,"href":"https:\/\/acedatoa.it\/de\/wp-json\/wp\/v2\/pages\/814\/revisions"}],"predecessor-version":[{"id":111733,"href":"https:\/\/acedatoa.it\/de\/wp-json\/wp\/v2\/pages\/814\/revisions\/111733"}],"wp:attachment":[{"href":"https:\/\/acedatoa.it\/de\/wp-json\/wp\/v2\/media?parent=814"}],"curies":[{"name":"wp","href":"https:\/\/api.w.org\/{rel}","templated":true}]}}